{"id":19,"date":"2025-03-19T12:15:54","date_gmt":"2025-03-19T12:15:54","guid":{"rendered":"https:\/\/www.stadttiger-re.de\/index.php\/stadttiger\/"},"modified":"2025-04-08T09:21:47","modified_gmt":"2025-04-08T09:21:47","slug":"stadttiger","status":"publish","type":"page","link":"https:\/\/www.stadttiger-re.de\/","title":{"rendered":"Stadttiger"},"content":{"rendered":"\t\t<div data-elementor-type=\"wp-post\" data-elementor-id=\"19\" class=\"elementor elementor-19\">\n\t\t\t\t<div class=\"elementor-element elementor-element-6195b1c0 e-con-full e-flex e-con e-parent\" data-id=\"6195b1c0\" data-element_type=\"container\">\n\t\t<div class=\"elementor-element elementor-element-6b970abd e-con-full e-flex e-con e-child\" data-id=\"6b970abd\" data-element_type=\"container\">\n\t\t<div class=\"elementor-element elementor-element-31f083cb e-con-full e-flex e-con e-child\" data-id=\"31f083cb\" data-element_type=\"container\">\n\t\t\t\t<div class=\"elementor-element elementor-element-160455c2 elementor-widget elementor-widget-heading\" data-id=\"160455c2\" data-element_type=\"widget\" data-widget_type=\"heading.default\">\n\t\t\t\t<div class=\"elementor-widget-container\">\n\t\t\t\t\t<h1 class=\"elementor-heading-title elementor-size-default\">Stadttiger<\/h1>\t\t\t\t<\/div>\n\t\t\t\t<\/div>\n\t\t\t\t<div class=\"elementor-element elementor-element-74a4910e elementor-widget elementor-widget-heading\" data-id=\"74a4910e\" data-element_type=\"widget\" data-widget_type=\"heading.default\">\n\t\t\t\t<div class=\"elementor-widget-container\">\n\t\t\t\t\t<h1 class=\"elementor-heading-title elementor-size-default\">Natur erleben & spielen! <\/h1>\t\t\t\t<\/div>\n\t\t\t\t<\/div>\n\t\t\t\t<div class=\"elementor-element elementor-element-10a7cd6 elementor-widget elementor-widget-text-editor\" data-id=\"10a7cd6\" data-element_type=\"widget\" data-widget_type=\"text-editor.default\">\n\t\t\t\t<div class=\"elementor-widget-container\">\n\t\t\t\t\t\t\t\t\t<p>Der Stadttiger kommt in dein Viertel. Das mobile Angebot bringt die Natur direkt zu euch! Hier k\u00f6nnt ihr drau\u00dfen spielen, spannende Abenteuer erleben und die Natur entdecken.<\/p>\t\t\t\t\t\t\t\t<\/div>\n\t\t\t\t<\/div>\n\t\t\t\t<div class=\"elementor-element elementor-element-68b1faf3 elementor-invisible elementor-widget elementor-widget-button\" data-id=\"68b1faf3\" data-element_type=\"widget\" data-settings=\"{&quot;_animation&quot;:&quot;fadeInDown&quot;}\" data-widget_type=\"button.default\">\n\t\t\t\t<div class=\"elementor-widget-container\">\n\t\t\t\t\t\t\t\t\t<div class=\"elementor-button-wrapper\">\n\t\t\t\t\t<a class=\"elementor-button elementor-button-link elementor-size-sm elementor-animation-sink\" href=\"#termine\">\n\t\t\t\t\t\t<span class=\"elementor-button-content-wrapper\">\n\t\t\t\t\t\t\t\t\t<span class=\"elementor-button-text\">Zu den Terminen<\/span>\n\t\t\t\t\t<\/span>\n\t\t\t\t\t<\/a>\n\t\t\t\t<\/div>\n\t\t\t\t\t\t\t\t<\/div>\n\t\t\t\t<\/div>\n\t\t\t\t<\/div>\n\t\t\t\t<div class=\"elementor-element elementor-element-6001f499 elementor-invisible elementor-widget elementor-widget-heading\" data-id=\"6001f499\" data-element_type=\"widget\" data-settings=\"{&quot;_animation&quot;:&quot;fadeInUp&quot;}\" data-widget_type=\"heading.default\">\n\t\t\t\t<div class=\"elementor-widget-container\">\n\t\t\t\t\t<span class=\"elementor-heading-title elementor-size-default\">stadttiger<\/span>\t\t\t\t<\/div>\n\t\t\t\t<\/div>\n\t\t\t\t<\/div>\n\t\t<div class=\"elementor-element elementor-element-69845a7a e-con-full e-flex e-con e-child\" data-id=\"69845a7a\" data-element_type=\"container\" data-settings=\"{&quot;background_background&quot;:&quot;classic&quot;}\">\n\t\t\t\t<\/div>\n\t\t\t\t<\/div>\n\t\t<div class=\"elementor-element elementor-element-438f33b2 e-con-full e-flex e-con e-parent\" data-id=\"438f33b2\" data-element_type=\"container\" id=\"angebot\">\n\t\t<div class=\"elementor-element elementor-element-21e32fcc e-con-full e-flex e-con e-child\" data-id=\"21e32fcc\" data-element_type=\"container\" data-settings=\"{&quot;background_background&quot;:&quot;classic&quot;}\">\n\t\t\t\t<\/div>\n\t\t<div class=\"elementor-element elementor-element-6f3e5bb5 e-con-full e-flex e-con e-child\" data-id=\"6f3e5bb5\" data-element_type=\"container\">\n\t\t\t\t<div class=\"elementor-element elementor-element-51f2d5bf elementor-widget elementor-widget-text-editor\" data-id=\"51f2d5bf\" data-element_type=\"widget\" data-widget_type=\"text-editor.default\">\n\t\t\t\t<div class=\"elementor-widget-container\">\n\t\t\t\t\t\t\t\t\t<p>Mit Seilen, Schaukeln, K\u00fcchenutensilien, Werkzeugen und vielem mehr k\u00f6nnt ihr bauen, experimentieren und kreativ sein. Ihr entscheidet, ob ihr frei spielen oder neue Dinge unter Anleitung des Wildnis-Experten Olaf Alitz ausprobieren m\u00f6chtet.<\/p><p>Ob alleine oder in der Gruppe \u2013 hier ist Platz f\u00fcr eure Ideen! Kommt vorbei und erlebt die Natur auf eure eigene Weise!<\/p>\t\t\t\t\t\t\t\t<\/div>\n\t\t\t\t<\/div>\n\t\t\t\t<div class=\"elementor-element elementor-element-3c68efa2 elementor-widget elementor-widget-image\" data-id=\"3c68efa2\" data-element_type=\"widget\" data-widget_type=\"image.default\">\n\t\t\t\t<div class=\"elementor-widget-container\">\n\t\t\t\t\t\t\t\t\t\t\t\t\t\t\t<img fetchpriority=\"high\" decoding=\"async\" width=\"300\" height=\"216\" src=\"https:\/\/www.stadttiger-re.de\/wp-content\/uploads\/2025\/03\/logo_recklinghausen-300x216.png\" class=\"attachment-medium size-medium wp-image-16\" alt=\"\" srcset=\"https:\/\/www.stadttiger-re.de\/wp-content\/uploads\/2025\/03\/logo_recklinghausen-300x216.png 300w, https:\/\/www.stadttiger-re.de\/wp-content\/uploads\/2025\/03\/logo_recklinghausen.png 750w\" sizes=\"(max-width: 300px) 100vw, 300px\" \/>\t\t\t\t\t\t\t\t\t\t\t\t\t\t\t<\/div>\n\t\t\t\t<\/div>\n\t\t\t\t<\/div>\n\t\t\t\t<\/div>\n\t\t<div class=\"elementor-element elementor-element-59589db9 e-flex e-con-boxed e-con e-parent\" data-id=\"59589db9\" data-element_type=\"container\">\n\t\t\t\t\t<div class=\"e-con-inner\">\n\t\t\t\t<div class=\"elementor-element elementor-element-46d3e3f9 elementor-widget elementor-widget-heading\" data-id=\"46d3e3f9\" data-element_type=\"widget\" data-widget_type=\"heading.default\">\n\t\t\t\t<div class=\"elementor-widget-container\">\n\t\t\t\t\t<span class=\"elementor-heading-title elementor-size-default\">angebot<\/span>\t\t\t\t<\/div>\n\t\t\t\t<\/div>\n\t\t\t\t<div class=\"elementor-element elementor-element-fc165e2 elementor-widget elementor-widget-heading\" data-id=\"fc165e2\" data-element_type=\"widget\" data-widget_type=\"heading.default\">\n\t\t\t\t<div class=\"elementor-widget-container\">\n\t\t\t\t\t<span class=\"elementor-heading-title elementor-size-default\">termine<\/span>\t\t\t\t<\/div>\n\t\t\t\t<\/div>\n\t\t\t\t\t<\/div>\n\t\t\t\t<\/div>\n\t\t<div class=\"elementor-element elementor-element-f0bceb1 e-flex e-con-boxed e-con e-child\" data-id=\"f0bceb1\" data-element_type=\"container\" id=\"termine\">\n\t\t\t\t\t<div class=\"e-con-inner\">\n\t\t<div class=\"elementor-element elementor-element-666ef74a e-con-full e-flex e-con e-child\" data-id=\"666ef74a\" data-element_type=\"container\">\n\t\t\t\t<div class=\"elementor-element elementor-element-3fbb4fa0 elementor-widget elementor-widget-text-editor\" data-id=\"3fbb4fa0\" data-element_type=\"widget\" data-widget_type=\"text-editor.default\">\n\t\t\t\t<div class=\"elementor-widget-container\">\n\t\t\t\t\t\t\t\t\t<p>Laden Sie sich den \u00fcbersichtlichen PDF-Kalender runter um alle Termine im Blick zu haben.<\/p>\t\t\t\t\t\t\t\t<\/div>\n\t\t\t\t<\/div>\n\t\t\t\t<div class=\"elementor-element elementor-element-7c8b9abe elementor-invisible elementor-widget elementor-widget-button\" data-id=\"7c8b9abe\" data-element_type=\"widget\" data-settings=\"{&quot;_animation&quot;:&quot;fadeInDown&quot;}\" data-widget_type=\"button.default\">\n\t\t\t\t<div class=\"elementor-widget-container\">\n\t\t\t\t\t\t\t\t\t<div class=\"elementor-button-wrapper\">\n\t\t\t\t\t<a class=\"elementor-button elementor-button-link elementor-size-sm elementor-animation-sink\" href=\"http:\/\/test.kaeptn-panda.de\/wp-content\/uploads\/2025\/03\/Termine-Stadttiger-2025.pdf\" target=\"_blank\" rel=\"nofollow\">\n\t\t\t\t\t\t<span class=\"elementor-button-content-wrapper\">\n\t\t\t\t\t\t\t\t\t<span class=\"elementor-button-text\">Download PDF<\/span>\n\t\t\t\t\t<\/span>\n\t\t\t\t\t<\/a>\n\t\t\t\t<\/div>\n\t\t\t\t\t\t\t\t<\/div>\n\t\t\t\t<\/div>\n\t\t\t\t<\/div>\n\t\t<div class=\"elementor-element elementor-element-44548caa e-con-full e-flex e-con e-child\" data-id=\"44548caa\" data-element_type=\"container\">\n\t\t<div class=\"elementor-element elementor-element-4c99ea76 e-con-full e-flex e-con e-child\" data-id=\"4c99ea76\" data-element_type=\"container\">\n\t\t\t\t<div class=\"elementor-element elementor-element-2c29a490 elementor-position-top elementor-widget elementor-widget-image-box\" data-id=\"2c29a490\" data-element_type=\"widget\" data-widget_type=\"image-box.default\">\n\t\t\t\t<div class=\"elementor-widget-container\">\n\t\t\t\t\t<div class=\"elementor-image-box-wrapper\"><figure class=\"elementor-image-box-img\"><img decoding=\"async\" width=\"640\" height=\"480\" src=\"https:\/\/www.stadttiger-re.de\/wp-content\/uploads\/2025\/03\/IMG_4013.jpg\" class=\"elementor-animation-sink attachment-1536x1536 size-1536x1536 wp-image-22\" alt=\"\" srcset=\"https:\/\/www.stadttiger-re.de\/wp-content\/uploads\/2025\/03\/IMG_4013.jpg 640w, https:\/\/www.stadttiger-re.de\/wp-content\/uploads\/2025\/03\/IMG_4013-300x225.jpg 300w\" sizes=\"(max-width: 640px) 100vw, 640px\" \/><\/figure><div class=\"elementor-image-box-content\"><h3 class=\"elementor-image-box-title\">Halde Hestermann<\/h3><p class=\"elementor-image-box-description\">Jeden Mittwoch, 02.04. - 08.10.2025 <br>\n(au\u00dferhalb der Ferien und Feiertage)<br>\n<br>\n15:00 - 18:00 Uhr\n<\/p><\/div><\/div>\t\t\t\t<\/div>\n\t\t\t\t<\/div>\n\t\t\t\t<\/div>\n\t\t<div class=\"elementor-element elementor-element-577c2e3d e-con-full e-flex e-con e-child\" data-id=\"577c2e3d\" data-element_type=\"container\">\n\t\t\t\t<div class=\"elementor-element elementor-element-1f34c1b3 elementor-position-top elementor-widget elementor-widget-image-box\" data-id=\"1f34c1b3\" data-element_type=\"widget\" data-widget_type=\"image-box.default\">\n\t\t\t\t<div class=\"elementor-widget-container\">\n\t\t\t\t\t<div class=\"elementor-image-box-wrapper\"><figure class=\"elementor-image-box-img\"><img decoding=\"async\" src=\"https:\/\/www.stadttiger-re.de\/wp-content\/uploads\/2025\/03\/hand-3318035_1920.jpg\" title=\"hand-3318035_1920.jpg\" alt=\"hand-3318035_1920.jpg\" class=\"elementor-animation-sink\" loading=\"lazy\" \/><\/figure><div class=\"elementor-image-box-content\"><h3 class=\"elementor-image-box-title\">S\u00fcdpark<\/h3><p class=\"elementor-image-box-description\">Jeden Freitag, 04.04. - 10.10.2025 \n(au\u00dferhalb der Ferien und Feiertage)<br>\n<br>\n15:00 - 18:00 Uhr<br>\n<br>Au\u00dferdem in den Ferien:<br>\nOstern: 14.04. - 17.04.2025<br>\nSommer: 14.07. - 25.07.2025<br>\nHerbst: 13.10. - 17.10.2025<br>\njeweils 10:00 - 15:00\n<\/p><\/div><\/div>\t\t\t\t<\/div>\n\t\t\t\t<\/div>\n\t\t\t\t<\/div>\n\t\t<div class=\"elementor-element elementor-element-3f6750c e-con-full e-flex e-con e-child\" data-id=\"3f6750c\" data-element_type=\"container\">\n\t\t\t\t<div class=\"elementor-element elementor-element-7c6e2a29 elementor-position-top elementor-widget elementor-widget-image-box\" data-id=\"7c6e2a29\" data-element_type=\"widget\" data-widget_type=\"image-box.default\">\n\t\t\t\t<div class=\"elementor-widget-container\">\n\t\t\t\t\t<div class=\"elementor-image-box-wrapper\"><figure class=\"elementor-image-box-img\"><img decoding=\"async\" width=\"640\" height=\"480\" src=\"https:\/\/www.stadttiger-re.de\/wp-content\/uploads\/2025\/03\/IMG_4016.jpg\" class=\"elementor-animation-sink attachment-full size-full wp-image-24\" alt=\"\" srcset=\"https:\/\/www.stadttiger-re.de\/wp-content\/uploads\/2025\/03\/IMG_4016.jpg 640w, https:\/\/www.stadttiger-re.de\/wp-content\/uploads\/2025\/03\/IMG_4016-300x225.jpg 300w\" sizes=\"(max-width: 640px) 100vw, 640px\" \/><\/figure><div class=\"elementor-image-box-content\"><h3 class=\"elementor-image-box-title\">Stadtgarten Recklinghausen<\/h3><p class=\"elementor-image-box-description\">Jeden Sonntag, 06.04. - 05.10.2025 <br>\n(au\u00dferhalb der Ferien und Feiertage)<br>\n<br>\n10:00 - 13:00 Uhr<br><br>\nAu\u00dferdem in den Ferien:<br>\nOstern: 22.04. - 25.04.2025<br>\nSommer: 28.07. - 01.08.2025<br>\nHerbst: 20.10. - 24.10.2025<br>\njeweils 10:00 - 15:00\n<\/p><\/div><\/div>\t\t\t\t<\/div>\n\t\t\t\t<\/div>\n\t\t\t\t<\/div>\n\t\t\t\t<\/div>\n\t\t\t\t\t<\/div>\n\t\t\t\t<\/div>\n\t\t<div class=\"elementor-element elementor-element-10c1559 e-flex e-con-boxed e-con e-parent\" data-id=\"10c1559\" data-element_type=\"container\">\n\t\t\t\t\t<div class=\"e-con-inner\">\n\t\t<div class=\"elementor-element elementor-element-86becdf e-con-full e-flex e-con e-child\" data-id=\"86becdf\" data-element_type=\"container\">\n\t\t\t\t<div class=\"elementor-element elementor-element-4835857 elementor-widget elementor-widget-image\" data-id=\"4835857\" data-element_type=\"widget\" data-widget_type=\"image.default\">\n\t\t\t\t<div class=\"elementor-widget-container\">\n\t\t\t\t\t\t\t\t\t\t\t\t\t\t\t<img loading=\"lazy\" decoding=\"async\" width=\"800\" height=\"223\" src=\"https:\/\/www.stadttiger-re.de\/wp-content\/uploads\/2025\/03\/Falkenfamilie_Falkenfamilie-1024x285.png\" class=\"attachment-large size-large wp-image-45\" alt=\"\" srcset=\"https:\/\/www.stadttiger-re.de\/wp-content\/uploads\/2025\/03\/Falkenfamilie_Falkenfamilie-1024x285.png 1024w, https:\/\/www.stadttiger-re.de\/wp-content\/uploads\/2025\/03\/Falkenfamilie_Falkenfamilie-300x83.png 300w, https:\/\/www.stadttiger-re.de\/wp-content\/uploads\/2025\/03\/Falkenfamilie_Falkenfamilie-768x214.png 768w, https:\/\/www.stadttiger-re.de\/wp-content\/uploads\/2025\/03\/Falkenfamilie_Falkenfamilie-1536x427.png 1536w, https:\/\/www.stadttiger-re.de\/wp-content\/uploads\/2025\/03\/Falkenfamilie_Falkenfamilie.png 1725w\" sizes=\"(max-width: 800px) 100vw, 800px\" \/>\t\t\t\t\t\t\t\t\t\t\t\t\t\t\t<\/div>\n\t\t\t\t<\/div>\n\t\t\t\t<\/div>\n\t\t<div class=\"elementor-element elementor-element-a6326ee e-con-full e-flex e-con e-child\" data-id=\"a6326ee\" data-element_type=\"container\">\n\t\t\t\t<div class=\"elementor-element elementor-element-3eedff7 elementor-widget elementor-widget-text-editor\" data-id=\"3eedff7\" data-element_type=\"widget\" data-widget_type=\"text-editor.default\">\n\t\t\t\t<div class=\"elementor-widget-container\">\n\t\t\t\t\t\t\t\t\t<h4>Kontakt<\/h4><p>Ansprechpartner: Olaf Alitz <br \/>Mobil: 0152 &#8211; 33 65 39 57<br \/>Mail: info@stadttiger-re.de<\/p>\t\t\t\t\t\t\t\t<\/div>\n\t\t\t\t<\/div>\n\t\t\t\t<\/div>\n\t\t\t\t\t<\/div>\n\t\t\t\t<\/div>\n\t\t\t\t<\/div>\n\t\t","protected":false},"excerpt":{"rendered":"<p>Stadttiger Natur erleben &#038; spielen! Der Stadttiger kommt in dein Viertel. Das mobile Angebot bringt die Natur direkt zu euch! Hier k\u00f6nnt ihr drau\u00dfen spielen, spannende Abenteuer erleben und die Natur entdecken. Zu den Terminen stadttiger Mit Seilen, Schaukeln, K\u00fcchenutensilien, Werkzeugen und vielem mehr k\u00f6nnt ihr bauen, experimentieren und kreativ sein. Ihr entscheidet, ob ihr [&hellip;]<\/p>\n","protected":false},"author":1,"featured_media":0,"parent":0,"menu_order":0,"comment_status":"closed","ping_status":"closed","template":"elementor_header_footer","meta":{"footnotes":""},"class_list":["post-19","page","type-page","status-publish","hentry"],"_links":{"self":[{"href":"https:\/\/www.stadttiger-re.de\/index.php\/wp-json\/wp\/v2\/pages\/19","targetHints":{"allow":["GET"]}}],"collection":[{"href":"https:\/\/www.stadttiger-re.de\/index.php\/wp-json\/wp\/v2\/pages"}],"about":[{"href":"https:\/\/www.stadttiger-re.de\/index.php\/wp-json\/wp\/v2\/types\/page"}],"author":[{"embeddable":true,"href":"https:\/\/www.stadttiger-re.de\/index.php\/wp-json\/wp\/v2\/users\/1"}],"replies":[{"embeddable":true,"href":"https:\/\/www.stadttiger-re.de\/index.php\/wp-json\/wp\/v2\/comments?post=19"}],"version-history":[{"count":19,"href":"https:\/\/www.stadttiger-re.de\/index.php\/wp-json\/wp\/v2\/pages\/19\/revisions"}],"predecessor-version":[{"id":63,"href":"https:\/\/www.stadttiger-re.de\/index.php\/wp-json\/wp\/v2\/pages\/19\/revisions\/63"}],"wp:attachment":[{"href":"https:\/\/www.stadttiger-re.de\/index.php\/wp-json\/wp\/v2\/media?parent=19"}],"curies":[{"name":"wp","href":"https:\/\/api.w.org\/{rel}","templated":true}]}}